{"id":890,"date":"2024-04-04T09:15:26","date_gmt":"2024-04-04T06:15:26","guid":{"rendered":"https:\/\/sisu.ut.ee\/esttyp\/home-0\/"},"modified":"2025-11-03T00:37:07","modified_gmt":"2025-11-02T22:37:07","slug":"home-0","status":"publish","type":"page","link":"https:\/\/esttyp.ut.ee\/et\/","title":{"rendered":"Avaleht"},"content":{"rendered":"<div class=\"page\" title=\"Page 1\">\n<div class=\"layoutArea\">\n<div class=\"column\">\n<p><strong>Idast la\u0308a\u0308nde: eesti keele ja lo\u0303una-la\u0308a\u0308nemeresoome keelte tu\u0308poloogiline muutumine uurali taustal<\/strong><\/p>\n<\/div>\n<\/div>\n<\/div>\n\n\n<p>Projekt \u201eIdast l\u00e4\u00e4nde: eesti keele ja l\u00f5una-l\u00e4\u00e4nemeresoome keelte t\u00fcpoloogiline muutumine uurali taustal\u201c (PRG2184) on mitmeaastane projekt (2024\u20132028), mida rahastab Eesti Teadusagentuur. Eesti keel ja teised l\u00f5una-l\u00e4\u00e4nemeresoome keeled erinevad struktuurilt mitmeti idapoolsetest sugulaskeeltest. Balti ja teiste L\u00e4\u00e4nemere-\u00e4\u00e4rsete naaberkeelte kontaktv\u00e4ljas on tekkinud olulisi erijooni ka v\u00f5rreldes p\u00f5hjapoolsete l\u00e4\u00e4nemeresoome keeltega. Projekt uurib s\u00fcstemaatiliselt eesti, l\u00f5unaeesti, liivi, vadja ja areaalselt l\u00e4hima p\u00f5hjapoolse l\u00e4\u00e4nemeresoome keele, isuri keele t\u00fcpoloogilist muutumist, kasutades uute andmebaaside v\u00f5imalusi. Vaadeldakse t\u00fcpoloogilisi muutusi erinevatel keeletasanditel ja nende muutuste omavahelisi seoseid. J\u00e4lgitakse keelekontaktide rolli keelemuutuste tekkimisel, selgitatakse haruldaste keelejoonte tekkemehhanisme. Uuritakse ka seda, kuidas on teadlik keelearendus muutnud keelte struktuuri. V\u00f5rdleva uuringu tulemused annavad olulise panuse areaallingvistikasse, v\u00f5imaldades paremini m\u00f5ista l\u00f5una-l\u00e4\u00e4nemeresoome keeleala ja selle l\u00e4hi\u00fcmbruse muutusi ja arengusuundi.<\/p>\n\n\n\n<p>Meie <strong>projekti partnerid<\/strong> on Tartu \u00dclikooli rahvastiku ja kultuuri kujunemise transdistsiplinaarsete uuringute tippkeskus \u201eEesti juured\u201c, Tartu \u00dclikooli arheoloogia, geneetika ja lingvistika sidusuuringute kolleegium, Tartu \u00dclikooli foneetikalabor, L\u00e4ti \u00dclikooli Liivi Instituut, Vilniuse \u00dclikool, Turu \u00dclikool, BEDLAN (Biological Evolution and Diversification of LANguages ehk keelte bioloogiline evolutsioon ja mitmekesistumine), Uppsala \u00dclikool, Max Plancki Evolutsioonilise Antropoloogia Instituut ja <a href=\"https:\/\/uralic.clld.org\/\" data-type=\"link\" data-id=\"https:\/\/uralic.clld.org\/\" target=\"_blank\" rel=\"noreferrer noopener\">UraTyp<\/a>.<\/p>\n\n\n\n<p>Meie <strong>kogukonnapartnerid<\/strong> on Mulgi Instituut, Seto Instituut, V\u00f5ro Instituut ja Ludza piirkonna ajaloomuuseum.<\/p>\n\n\n\n<p><em>P\u00e4isepilt: M\u0113rdzene lutsi keele s\u00f5nastik, mille koostas Oskar Kallas L\u00e4tis M\u0113rdzenes (1893). (Originaali s\u00e4ilitatakse Eesti Kirjandusmuuseumis, foto: Uldis Balodis)<\/em><\/p>\n","protected":false},"excerpt":{"rendered":"<p>Idast la\u0308a\u0308nde: eesti keele ja lo\u0303una-la\u0308a\u0308nemeresoome keelte tu\u0308poloogiline muutumine uurali taustal Projekt \u201eIdast l\u00e4\u00e4nde: eesti keele ja l\u00f5una-l\u00e4\u00e4nemeresoome keelte t\u00fcpoloogiline muutumine uurali taustal\u201c (PRG2184) on mitmeaastane projekt (2024\u20132028), mida rahastab Eesti Teadusagentuur. Eesti keel ja teised l\u00f5una-l\u00e4\u00e4nemeresoome keeled erinevad struktuurilt &#8230;<\/p>\n","protected":false},"author":341,"featured_media":742,"parent":0,"menu_order":0,"comment_status":"closed","ping_status":"closed","template":"","meta":{"_acf_changed":false,"inline_featured_image":false,"footnotes":""},"class_list":["post-890","page","type-page","status-publish","has-post-thumbnail","hentry"],"acf":[],"_links":{"self":[{"href":"https:\/\/esttyp.ut.ee\/et\/wp-json\/wp\/v2\/pages\/890","targetHints":{"allow":["GET"]}}],"collection":[{"href":"https:\/\/esttyp.ut.ee\/et\/wp-json\/wp\/v2\/pages"}],"about":[{"href":"https:\/\/esttyp.ut.ee\/et\/wp-json\/wp\/v2\/types\/page"}],"author":[{"embeddable":true,"href":"https:\/\/esttyp.ut.ee\/et\/wp-json\/wp\/v2\/users\/341"}],"replies":[{"embeddable":true,"href":"https:\/\/esttyp.ut.ee\/et\/wp-json\/wp\/v2\/comments?post=890"}],"version-history":[{"count":3,"href":"https:\/\/esttyp.ut.ee\/et\/wp-json\/wp\/v2\/pages\/890\/revisions"}],"predecessor-version":[{"id":1029,"href":"https:\/\/esttyp.ut.ee\/et\/wp-json\/wp\/v2\/pages\/890\/revisions\/1029"}],"wp:featuredmedia":[{"embeddable":true,"href":"https:\/\/esttyp.ut.ee\/et\/wp-json\/wp\/v2\/media\/742"}],"wp:attachment":[{"href":"https:\/\/esttyp.ut.ee\/et\/wp-json\/wp\/v2\/media?parent=890"}],"curies":[{"name":"wp","href":"https:\/\/api.w.org\/{rel}","templated":true}]}}